{"id":30,"date":"2025-05-13T11:50:06","date_gmt":"2025-05-13T09:50:06","guid":{"rendered":"https:\/\/izaciaston.pl\/?page_id=30"},"modified":"2025-05-23T13:45:09","modified_gmt":"2025-05-23T11:45:09","slug":"portfolio","status":"publish","type":"page","link":"https:\/\/izaciaston.pl\/index.php\/portfolio\/","title":{"rendered":"portfolio"},"content":{"rendered":"<section class=\"wpb-content-wrapper\"><p>[vc_row content_text_aligment=&#8221;&#8221; use_row_as_full_screen_section=&#8221;no&#8221;][vc_column]<div class=\"edgtf-portfolio-list-holder edgtf-pl-masonry edgtf-pl-three-columns edgtf-pl-normal-space edgtf-pl-info-on-image-hover edgtf-pl-hover-circle-info edgtf-pl-has-filter\"  data-next-page=\"2\" data-type=\"masonry\" data-number-of-columns=\"3\" data-space-between-items=\"normal\" data-number-of-items=\"9\" data-image-proportions=\"full\" data-category=\"portfolio\" data-order-by=\"date\" data-order=\"DESC\" data-info-position=\"on-image-hover\" data-image-hover-type1=\"circle-info\" data-disable-title=\"no\" data-title-tag=\"h4\" data-disable-category=\"yes\" data-disable-excerpt=\"yes\" data-excerpt-length=\"20\" data-show-load-more=\"no\" data-enable-infinite-scroll=\"no\" data-filter=\"yes\" data-filter-order-by=\"name\" data-enable-article-animation=\"no\" data-enable-variable-width=\"no\" data-pagination=\"yes\" data-max-num-pages=\"1\"><div class=\"edgtf-pl-filter-holder\">\n\t<div class=\"edgtf-plf-inner\">\n\t\t\t<\/div>\n<\/div><div class=\"edgtf-pl-inner clearfix\"><div class=\"edgtf-pl-grid-sizer\"><\/div><div class=\"edgtf-pl-grid-gutter\"><\/div><article class=\"edgtf-pl-item  post-281 portfolio-item type-portfolio-item status-publish has-post-thumbnail hentry portfolio-category-portfolio\">\n\t<div class=\"edgtf-pl-item-inner\">\n\t\t<div class=\"edgtf-pli-image\">\n\t\t\t\t\t\t\t<img loading=\"lazy\" decoding=\"async\" width=\"800\" height=\"1200\" src=\"https:\/\/izaciaston.pl\/wp-content\/uploads\/2025\/06\/No.1-e1749118234735.jpg\" class=\"attachment-full size-full wp-post-image\" alt=\"\" \/>\t\t\t\t\t\t\t\t\t<\/div>\n\t\t\t\t\t<div class=\"edgtf-pli-text-holder\" >\n\t\t\t\t<div class=\"edgtf-pli-text-wrapper\">\n\t\t\t\t\t<div class=\"edgtf-pli-text\" >\n\t\t\t\t\t\t\t\t\t\t\t\t<div class=\"edgtf-pli-text-outer\"><div class=\"edgtf-pli-text-inner\">\n\t\t\t\t\t\t\t\t\t\t\t\t\t\t\t\t\t\t\t<h4 itemprop=\"name\" class=\"edgtf-pli-title entry-title\" >\n\t\t\t\t\t\t\t\tNo. 1\t\t\t\t\t\t\t<\/h4>\n\t\t\t\t\t\t\n\t\t\t\t\t\t\t\t\t\t\t\n\t\t\t\t\t\t\t\t\t\t\t\t\t\t\t\t\t\t<\/div><\/div>\n\t\t\t\t\t\t\t\t\t\t\t<\/div>\n\t\t\t\t<\/div>\n\t\t\t<\/div>\n\t\t\t\t<a itemprop=\"url\" class=\"edgtf-pli-link\" href=\"https:\/\/izaciaston.pl\/index.php\/portfolio-item\/no1\/\" target=\"_self\"><\/a>\n\t<\/div>\n<\/article><article class=\"edgtf-pl-item  post-280 portfolio-item type-portfolio-item status-publish has-post-thumbnail hentry portfolio-category-portfolio\">\n\t<div class=\"edgtf-pl-item-inner\">\n\t\t<div class=\"edgtf-pli-image\">\n\t\t\t\t\t\t\t<img loading=\"lazy\" decoding=\"async\" width=\"1000\" height=\"1446\" src=\"https:\/\/izaciaston.pl\/wp-content\/uploads\/2025\/06\/Mokosz.jpg\" class=\"attachment-full size-full wp-post-image\" alt=\"\" srcset=\"https:\/\/izaciaston.pl\/wp-content\/uploads\/2025\/06\/Mokosz.jpg 1000w, https:\/\/izaciaston.pl\/wp-content\/uploads\/2025\/06\/Mokosz-207x300.jpg 207w, https:\/\/izaciaston.pl\/wp-content\/uploads\/2025\/06\/Mokosz-708x1024.jpg 708w, https:\/\/izaciaston.pl\/wp-content\/uploads\/2025\/06\/Mokosz-768x1111.jpg 768w, https:\/\/izaciaston.pl\/wp-content\/uploads\/2025\/06\/Mokosz-600x868.jpg 600w\" sizes=\"auto, (max-width: 1000px) 100vw, 1000px\" \/>\t\t\t\t\t\t\t\t\t<\/div>\n\t\t\t\t\t<div class=\"edgtf-pli-text-holder\" >\n\t\t\t\t<div class=\"edgtf-pli-text-wrapper\">\n\t\t\t\t\t<div class=\"edgtf-pli-text\" >\n\t\t\t\t\t\t\t\t\t\t\t\t<div class=\"edgtf-pli-text-outer\"><div class=\"edgtf-pli-text-inner\">\n\t\t\t\t\t\t\t\t\t\t\t\t\t\t\t\t\t\t\t<h4 itemprop=\"name\" class=\"edgtf-pli-title entry-title\" >\n\t\t\t\t\t\t\t\tMokosz\t\t\t\t\t\t\t<\/h4>\n\t\t\t\t\t\t\n\t\t\t\t\t\t\t\t\t\t\t\n\t\t\t\t\t\t\t\t\t\t\t\t\t\t\t\t\t\t<\/div><\/div>\n\t\t\t\t\t\t\t\t\t\t\t<\/div>\n\t\t\t\t<\/div>\n\t\t\t<\/div>\n\t\t\t\t<a itemprop=\"url\" class=\"edgtf-pli-link\" href=\"https:\/\/izaciaston.pl\/index.php\/portfolio-item\/mokosz\/\" target=\"_self\"><\/a>\n\t<\/div>\n<\/article><article class=\"edgtf-pl-item  post-96 portfolio-item type-portfolio-item status-publish has-post-thumbnail hentry portfolio-category-portfolio\">\n\t<div class=\"edgtf-pl-item-inner\">\n\t\t<div class=\"edgtf-pli-image\">\n\t\t\t\t\t\t\t<img loading=\"lazy\" decoding=\"async\" width=\"1800\" height=\"2426\" src=\"https:\/\/izaciaston.pl\/wp-content\/uploads\/2025\/05\/Izabela_Ciaston-Palus_Say_goodbye.jpg\" class=\"attachment-full size-full wp-post-image\" alt=\"\u015al\u0105sk, flowers, embroidery, haft\" srcset=\"https:\/\/izaciaston.pl\/wp-content\/uploads\/2025\/05\/Izabela_Ciaston-Palus_Say_goodbye.jpg 1800w, https:\/\/izaciaston.pl\/wp-content\/uploads\/2025\/05\/Izabela_Ciaston-Palus_Say_goodbye-223x300.jpg 223w, https:\/\/izaciaston.pl\/wp-content\/uploads\/2025\/05\/Izabela_Ciaston-Palus_Say_goodbye-760x1024.jpg 760w, https:\/\/izaciaston.pl\/wp-content\/uploads\/2025\/05\/Izabela_Ciaston-Palus_Say_goodbye-768x1035.jpg 768w, https:\/\/izaciaston.pl\/wp-content\/uploads\/2025\/05\/Izabela_Ciaston-Palus_Say_goodbye-1140x1536.jpg 1140w, https:\/\/izaciaston.pl\/wp-content\/uploads\/2025\/05\/Izabela_Ciaston-Palus_Say_goodbye-1520x2048.jpg 1520w, https:\/\/izaciaston.pl\/wp-content\/uploads\/2025\/05\/Izabela_Ciaston-Palus_Say_goodbye-600x809.jpg 600w\" sizes=\"auto, (max-width: 1800px) 100vw, 1800px\" \/>\t\t\t\t\t\t\t\t\t<\/div>\n\t\t\t\t\t<div class=\"edgtf-pli-text-holder\" >\n\t\t\t\t<div class=\"edgtf-pli-text-wrapper\">\n\t\t\t\t\t<div class=\"edgtf-pli-text\" >\n\t\t\t\t\t\t\t\t\t\t\t\t<div class=\"edgtf-pli-text-outer\"><div class=\"edgtf-pli-text-inner\">\n\t\t\t\t\t\t\t\t\t\t\t\t\t\t\t\t\t\t\t<h4 itemprop=\"name\" class=\"edgtf-pli-title entry-title\" >\n\t\t\t\t\t\t\t\tSay Goodbye\t\t\t\t\t\t\t<\/h4>\n\t\t\t\t\t\t\n\t\t\t\t\t\t\t\t\t\t\t\n\t\t\t\t\t\t\t\t\t\t\t\t\t\t\t\t\t\t<\/div><\/div>\n\t\t\t\t\t\t\t\t\t\t\t<\/div>\n\t\t\t\t<\/div>\n\t\t\t<\/div>\n\t\t\t\t<a itemprop=\"url\" class=\"edgtf-pli-link\" href=\"https:\/\/izaciaston.pl\/index.php\/portfolio-item\/say-goodbye\/\" target=\"_self\"><\/a>\n\t<\/div>\n<\/article><article class=\"edgtf-pl-item  post-89 portfolio-item type-portfolio-item status-publish has-post-thumbnail hentry portfolio-category-portfolio\">\n\t<div class=\"edgtf-pl-item-inner\">\n\t\t<div class=\"edgtf-pli-image\">\n\t\t\t\t\t\t\t<img loading=\"lazy\" decoding=\"async\" width=\"2181\" height=\"2195\" src=\"https:\/\/izaciaston.pl\/wp-content\/uploads\/2025\/05\/Izabela_Ciaston-Palus_her_show.jpg\" class=\"attachment-full size-full wp-post-image\" alt=\"her show, fashion, energy, pink, flower\" srcset=\"https:\/\/izaciaston.pl\/wp-content\/uploads\/2025\/05\/Izabela_Ciaston-Palus_her_show.jpg 2181w, https:\/\/izaciaston.pl\/wp-content\/uploads\/2025\/05\/Izabela_Ciaston-Palus_her_show-298x300.jpg 298w, https:\/\/izaciaston.pl\/wp-content\/uploads\/2025\/05\/Izabela_Ciaston-Palus_her_show-1017x1024.jpg 1017w, https:\/\/izaciaston.pl\/wp-content\/uploads\/2025\/05\/Izabela_Ciaston-Palus_her_show-150x150.jpg 150w, https:\/\/izaciaston.pl\/wp-content\/uploads\/2025\/05\/Izabela_Ciaston-Palus_her_show-768x773.jpg 768w, https:\/\/izaciaston.pl\/wp-content\/uploads\/2025\/05\/Izabela_Ciaston-Palus_her_show-1526x1536.jpg 1526w, https:\/\/izaciaston.pl\/wp-content\/uploads\/2025\/05\/Izabela_Ciaston-Palus_her_show-600x604.jpg 600w, https:\/\/izaciaston.pl\/wp-content\/uploads\/2025\/05\/Izabela_Ciaston-Palus_her_show-100x100.jpg 100w\" sizes=\"auto, (max-width: 2181px) 100vw, 2181px\" \/>\t\t\t\t\t\t\t\t\t<\/div>\n\t\t\t\t\t<div class=\"edgtf-pli-text-holder\" >\n\t\t\t\t<div class=\"edgtf-pli-text-wrapper\">\n\t\t\t\t\t<div class=\"edgtf-pli-text\" >\n\t\t\t\t\t\t\t\t\t\t\t\t<div class=\"edgtf-pli-text-outer\"><div class=\"edgtf-pli-text-inner\">\n\t\t\t\t\t\t\t\t\t\t\t\t\t\t\t\t\t\t\t<h4 itemprop=\"name\" class=\"edgtf-pli-title entry-title\" >\n\t\t\t\t\t\t\t\tHer Show\t\t\t\t\t\t\t<\/h4>\n\t\t\t\t\t\t\n\t\t\t\t\t\t\t\t\t\t\t\n\t\t\t\t\t\t\t\t\t\t\t\t\t\t\t\t\t\t<\/div><\/div>\n\t\t\t\t\t\t\t\t\t\t\t<\/div>\n\t\t\t\t<\/div>\n\t\t\t<\/div>\n\t\t\t\t<a itemprop=\"url\" class=\"edgtf-pli-link\" href=\"https:\/\/izaciaston.pl\/index.php\/portfolio-item\/her-show\/\" target=\"_self\"><\/a>\n\t<\/div>\n<\/article><article class=\"edgtf-pl-item  post-85 portfolio-item type-portfolio-item status-publish has-post-thumbnail hentry portfolio-category-portfolio\">\n\t<div class=\"edgtf-pl-item-inner\">\n\t\t<div class=\"edgtf-pli-image\">\n\t\t\t\t\t\t\t<img loading=\"lazy\" decoding=\"async\" width=\"1189\" height=\"1800\" src=\"https:\/\/izaciaston.pl\/wp-content\/uploads\/2025\/05\/Izabela_Ciaston-Palus_Memory_of_summer_2024_acrylic_and_oil_on_canvas_40x60cm.jpg\" class=\"attachment-full size-full wp-post-image\" alt=\"lato, summer, obraz akrylowy, obraz na \u015bcian\u0119, haft, embroidery\" srcset=\"https:\/\/izaciaston.pl\/wp-content\/uploads\/2025\/05\/Izabela_Ciaston-Palus_Memory_of_summer_2024_acrylic_and_oil_on_canvas_40x60cm.jpg 1189w, https:\/\/izaciaston.pl\/wp-content\/uploads\/2025\/05\/Izabela_Ciaston-Palus_Memory_of_summer_2024_acrylic_and_oil_on_canvas_40x60cm-198x300.jpg 198w, https:\/\/izaciaston.pl\/wp-content\/uploads\/2025\/05\/Izabela_Ciaston-Palus_Memory_of_summer_2024_acrylic_and_oil_on_canvas_40x60cm-676x1024.jpg 676w, https:\/\/izaciaston.pl\/wp-content\/uploads\/2025\/05\/Izabela_Ciaston-Palus_Memory_of_summer_2024_acrylic_and_oil_on_canvas_40x60cm-768x1163.jpg 768w, https:\/\/izaciaston.pl\/wp-content\/uploads\/2025\/05\/Izabela_Ciaston-Palus_Memory_of_summer_2024_acrylic_and_oil_on_canvas_40x60cm-1015x1536.jpg 1015w, https:\/\/izaciaston.pl\/wp-content\/uploads\/2025\/05\/Izabela_Ciaston-Palus_Memory_of_summer_2024_acrylic_and_oil_on_canvas_40x60cm-600x908.jpg 600w\" sizes=\"auto, (max-width: 1189px) 100vw, 1189px\" \/>\t\t\t\t\t\t\t\t\t<\/div>\n\t\t\t\t\t<div class=\"edgtf-pli-text-holder\" >\n\t\t\t\t<div class=\"edgtf-pli-text-wrapper\">\n\t\t\t\t\t<div class=\"edgtf-pli-text\" >\n\t\t\t\t\t\t\t\t\t\t\t\t<div class=\"edgtf-pli-text-outer\"><div class=\"edgtf-pli-text-inner\">\n\t\t\t\t\t\t\t\t\t\t\t\t\t\t\t\t\t\t\t<h4 itemprop=\"name\" class=\"edgtf-pli-title entry-title\" >\n\t\t\t\t\t\t\t\tMemory of Summer\t\t\t\t\t\t\t<\/h4>\n\t\t\t\t\t\t\n\t\t\t\t\t\t\t\t\t\t\t\n\t\t\t\t\t\t\t\t\t\t\t\t\t\t\t\t\t\t<\/div><\/div>\n\t\t\t\t\t\t\t\t\t\t\t<\/div>\n\t\t\t\t<\/div>\n\t\t\t<\/div>\n\t\t\t\t<a itemprop=\"url\" class=\"edgtf-pli-link\" href=\"https:\/\/izaciaston.pl\/index.php\/portfolio-item\/memory-of-summer\/\" target=\"_self\"><\/a>\n\t<\/div>\n<\/article><article class=\"edgtf-pl-item  post-77 portfolio-item type-portfolio-item status-publish has-post-thumbnail hentry portfolio-category-portfolio\">\n\t<div class=\"edgtf-pl-item-inner\">\n\t\t<div class=\"edgtf-pli-image\">\n\t\t\t\t\t\t\t<img loading=\"lazy\" decoding=\"async\" width=\"1303\" height=\"1800\" src=\"https:\/\/izaciaston.pl\/wp-content\/uploads\/2025\/05\/Izabela_Ciaston-Palus_Late_afternoon_2024_pencils_and_acrylics_on_paper_32x45cm.jpg\" class=\"attachment-full size-full wp-post-image\" alt=\"Late Afternoon, obraz olejny, oil painting, interior design, hairs, rainbow\" srcset=\"https:\/\/izaciaston.pl\/wp-content\/uploads\/2025\/05\/Izabela_Ciaston-Palus_Late_afternoon_2024_pencils_and_acrylics_on_paper_32x45cm.jpg 1303w, https:\/\/izaciaston.pl\/wp-content\/uploads\/2025\/05\/Izabela_Ciaston-Palus_Late_afternoon_2024_pencils_and_acrylics_on_paper_32x45cm-217x300.jpg 217w, https:\/\/izaciaston.pl\/wp-content\/uploads\/2025\/05\/Izabela_Ciaston-Palus_Late_afternoon_2024_pencils_and_acrylics_on_paper_32x45cm-741x1024.jpg 741w, https:\/\/izaciaston.pl\/wp-content\/uploads\/2025\/05\/Izabela_Ciaston-Palus_Late_afternoon_2024_pencils_and_acrylics_on_paper_32x45cm-768x1061.jpg 768w, https:\/\/izaciaston.pl\/wp-content\/uploads\/2025\/05\/Izabela_Ciaston-Palus_Late_afternoon_2024_pencils_and_acrylics_on_paper_32x45cm-1112x1536.jpg 1112w, https:\/\/izaciaston.pl\/wp-content\/uploads\/2025\/05\/Izabela_Ciaston-Palus_Late_afternoon_2024_pencils_and_acrylics_on_paper_32x45cm-600x829.jpg 600w\" sizes=\"auto, (max-width: 1303px) 100vw, 1303px\" \/>\t\t\t\t\t\t\t\t\t<\/div>\n\t\t\t\t\t<div class=\"edgtf-pli-text-holder\" >\n\t\t\t\t<div class=\"edgtf-pli-text-wrapper\">\n\t\t\t\t\t<div class=\"edgtf-pli-text\" >\n\t\t\t\t\t\t\t\t\t\t\t\t<div class=\"edgtf-pli-text-outer\"><div class=\"edgtf-pli-text-inner\">\n\t\t\t\t\t\t\t\t\t\t\t\t\t\t\t\t\t\t\t<h4 itemprop=\"name\" class=\"edgtf-pli-title entry-title\" >\n\t\t\t\t\t\t\t\tLate Afternoon\t\t\t\t\t\t\t<\/h4>\n\t\t\t\t\t\t\n\t\t\t\t\t\t\t\t\t\t\t\n\t\t\t\t\t\t\t\t\t\t\t\t\t\t\t\t\t\t<\/div><\/div>\n\t\t\t\t\t\t\t\t\t\t\t<\/div>\n\t\t\t\t<\/div>\n\t\t\t<\/div>\n\t\t\t\t<a itemprop=\"url\" class=\"edgtf-pli-link\" href=\"https:\/\/izaciaston.pl\/index.php\/portfolio-item\/late-afternoon\/\" target=\"_self\"><\/a>\n\t<\/div>\n<\/article><article class=\"edgtf-pl-item  post-29 portfolio-item type-portfolio-item status-publish has-post-thumbnail hentry portfolio-category-portfolio\">\n\t<div class=\"edgtf-pl-item-inner\">\n\t\t<div class=\"edgtf-pli-image\">\n\t\t\t\t\t\t\t<img loading=\"lazy\" decoding=\"async\" width=\"1211\" height=\"1800\" src=\"https:\/\/izaciaston.pl\/wp-content\/uploads\/2025\/05\/Izabela_Ciaston-Palus_Flowers_2024_pencil_and_oils_and_acrylics_on_paper_32x45cm.jpg\" class=\"attachment-full size-full wp-post-image\" alt=\"flowers, chusta, embroidery, haft kwiatowy, \u015bl\u0105sk, folklor, obraz olejny na \u015bcian\u0119\" srcset=\"https:\/\/izaciaston.pl\/wp-content\/uploads\/2025\/05\/Izabela_Ciaston-Palus_Flowers_2024_pencil_and_oils_and_acrylics_on_paper_32x45cm.jpg 1211w, https:\/\/izaciaston.pl\/wp-content\/uploads\/2025\/05\/Izabela_Ciaston-Palus_Flowers_2024_pencil_and_oils_and_acrylics_on_paper_32x45cm-202x300.jpg 202w, https:\/\/izaciaston.pl\/wp-content\/uploads\/2025\/05\/Izabela_Ciaston-Palus_Flowers_2024_pencil_and_oils_and_acrylics_on_paper_32x45cm-689x1024.jpg 689w, https:\/\/izaciaston.pl\/wp-content\/uploads\/2025\/05\/Izabela_Ciaston-Palus_Flowers_2024_pencil_and_oils_and_acrylics_on_paper_32x45cm-768x1142.jpg 768w, https:\/\/izaciaston.pl\/wp-content\/uploads\/2025\/05\/Izabela_Ciaston-Palus_Flowers_2024_pencil_and_oils_and_acrylics_on_paper_32x45cm-1033x1536.jpg 1033w, https:\/\/izaciaston.pl\/wp-content\/uploads\/2025\/05\/Izabela_Ciaston-Palus_Flowers_2024_pencil_and_oils_and_acrylics_on_paper_32x45cm-600x892.jpg 600w\" sizes=\"auto, (max-width: 1211px) 100vw, 1211px\" \/>\t\t\t\t\t\t\t\t\t<\/div>\n\t\t\t\t\t<div class=\"edgtf-pli-text-holder\" >\n\t\t\t\t<div class=\"edgtf-pli-text-wrapper\">\n\t\t\t\t\t<div class=\"edgtf-pli-text\" >\n\t\t\t\t\t\t\t\t\t\t\t\t<div class=\"edgtf-pli-text-outer\"><div class=\"edgtf-pli-text-inner\">\n\t\t\t\t\t\t\t\t\t\t\t\t\t\t\t\t\t\t\t<h4 itemprop=\"name\" class=\"edgtf-pli-title entry-title\" >\n\t\t\t\t\t\t\t\tFlowers\t\t\t\t\t\t\t<\/h4>\n\t\t\t\t\t\t\n\t\t\t\t\t\t\t\t\t\t\t\n\t\t\t\t\t\t\t\t\t\t\t\t\t\t\t\t\t\t<\/div><\/div>\n\t\t\t\t\t\t\t\t\t\t\t<\/div>\n\t\t\t\t<\/div>\n\t\t\t<\/div>\n\t\t\t\t<a itemprop=\"url\" class=\"edgtf-pli-link\" href=\"https:\/\/izaciaston.pl\/index.php\/portfolio-item\/flowers\/\" target=\"_self\"><\/a>\n\t<\/div>\n<\/article><\/div><\/div>[\/vc_column][\/vc_row]<\/p>\n<\/section>","protected":false},"excerpt":{"rendered":"<p>[vc_row content_text_aligment=&#8221;&#8221; use_row_as_full_screen_section=&#8221;no&#8221;][vc_column][\/vc_column][\/vc_row]<\/p>\n","protected":false},"author":1,"featured_media":0,"parent":0,"menu_order":0,"comment_status":"closed","ping_status":"closed","template":"","meta":{"footnotes":""},"class_list":["post-30","page","type-page","status-publish","hentry"],"_links":{"self":[{"href":"https:\/\/izaciaston.pl\/index.php\/wp-json\/wp\/v2\/pages\/30","targetHints":{"allow":["GET"]}}],"collection":[{"href":"https:\/\/izaciaston.pl\/index.php\/wp-json\/wp\/v2\/pages"}],"about":[{"href":"https:\/\/izaciaston.pl\/index.php\/wp-json\/wp\/v2\/types\/page"}],"author":[{"embeddable":true,"href":"https:\/\/izaciaston.pl\/index.php\/wp-json\/wp\/v2\/users\/1"}],"replies":[{"embeddable":true,"href":"https:\/\/izaciaston.pl\/index.php\/wp-json\/wp\/v2\/comments?post=30"}],"version-history":[{"count":9,"href":"https:\/\/izaciaston.pl\/index.php\/wp-json\/wp\/v2\/pages\/30\/revisions"}],"predecessor-version":[{"id":184,"href":"https:\/\/izaciaston.pl\/index.php\/wp-json\/wp\/v2\/pages\/30\/revisions\/184"}],"wp:attachment":[{"href":"https:\/\/izaciaston.pl\/index.php\/wp-json\/wp\/v2\/media?parent=30"}],"curies":[{"name":"wp","href":"https:\/\/api.w.org\/{rel}","templated":true}]}}