{"id":301,"date":"2025-07-01T13:36:57","date_gmt":"2025-07-01T11:36:57","guid":{"rendered":"https:\/\/izaciaston.pl\/index.php\/koszyk\/"},"modified":"2025-09-25T20:54:06","modified_gmt":"2025-09-25T18:54:06","slug":"koszyk","status":"publish","type":"page","link":"https:\/\/izaciaston.pl\/index.php\/koszyk\/","title":{"rendered":"Koszyk"},"content":{"rendered":"\n<div data-block-name=\"woocommerce\/cart\" class=\"wp-block-woocommerce-cart alignwide is-loading\">\n<div data-block-name=\"woocommerce\/filled-cart-block\" class=\"wp-block-woocommerce-filled-cart-block\">\n<div data-block-name=\"woocommerce\/cart-items-block\" class=\"wp-block-woocommerce-cart-items-block\">\n<div data-block-name=\"woocommerce\/cart-line-items-block\" class=\"wp-block-woocommerce-cart-line-items-block\"><\/div>\n\n\n\n<div data-block-name=\"woocommerce\/cart-cross-sells-block\" class=\"wp-block-woocommerce-cart-cross-sells-block\">\n<h2 class=\"wp-block-heading has-large-font-size\">Zobacz inne r\u00f3wnie interesuj\u0105ce\u2026<\/h2>\n\n\n\n<div data-block-name=\"woocommerce\/cart-cross-sells-products-block\" class=\"wp-block-woocommerce-cart-cross-sells-products-block\"><\/div>\n<\/div>\n<\/div>\n\n\n\n<div data-block-name=\"woocommerce\/cart-totals-block\" class=\"wp-block-woocommerce-cart-totals-block\">\n<div data-block-name=\"woocommerce\/cart-order-summary-block\" class=\"wp-block-woocommerce-cart-order-summary-block\">\n<div data-block-name=\"woocommerce\/cart-order-summary-heading-block\" class=\"wp-block-woocommerce-cart-order-summary-heading-block\"><\/div><div data-block-name=\"woocommerce\/cart-order-summary-coupon-form-block\" class=\"wp-block-woocommerce-cart-order-summary-coupon-form-block\"><\/div><div data-block-name=\"woocommerce\/cart-order-summary-totals-block\" class=\"wp-block-woocommerce-cart-order-summary-totals-block\">\n<div data-block-name=\"woocommerce\/cart-order-summary-subtotal-block\" class=\"wp-block-woocommerce-cart-order-summary-subtotal-block\"><\/div>\n<div data-block-name=\"woocommerce\/cart-order-summary-discount-block\" class=\"wp-block-woocommerce-cart-order-summary-discount-block\"><\/div>\n<div data-block-name=\"woocommerce\/cart-order-summary-fee-block\" class=\"wp-block-woocommerce-cart-order-summary-fee-block\"><\/div>\n<div data-block-name=\"woocommerce\/cart-order-summary-shipping-block\" class=\"wp-block-woocommerce-cart-order-summary-shipping-block\"><\/div>\n<div data-block-name=\"woocommerce\/cart-order-summary-taxes-block\" class=\"wp-block-woocommerce-cart-order-summary-taxes-block\"><\/div><\/div>\n<\/div>\n\n\n\n<div data-block-name=\"woocommerce\/cart-express-payment-block\" class=\"wp-block-woocommerce-cart-express-payment-block\"><\/div>\n\n\n\n<div data-block-name=\"woocommerce\/proceed-to-checkout-block\" class=\"wp-block-woocommerce-proceed-to-checkout-block\"><\/div>\n\n\n\n<div data-block-name=\"woocommerce\/cart-accepted-payment-methods-block\" class=\"wp-block-woocommerce-cart-accepted-payment-methods-block\"><\/div>\n<\/div>\n<\/div>\n\n\n\n<div data-block-name=\"woocommerce\/empty-cart-block\" class=\"wp-block-woocommerce-empty-cart-block\">\n<h2 class=\"wp-block-heading has-text-align-center with-empty-cart-icon wc-block-cart__empty-cart__title\">Tw\u00f3j koszyk jest obecnie pusty!<\/h2>\n\n\n\n<hr class=\"wp-block-separator has-alpha-channel-opacity is-style-dots\"\/>\n\n\n\n<h2 class=\"wp-block-heading has-text-align-center\">Nowe w sklepie<\/h2>\n\n\n<div data-block-name=\"woocommerce\/product-new\" data-columns=\"4\" data-rows=\"1\" class=\"wc-block-grid wp-block-product-new wp-block-woocommerce-product-new wc-block-product-new has-4-columns\"><ul class=\"wc-block-grid__products\"><li class=\"wc-block-grid__product\">\n\t\t\t\t<a href=\"https:\/\/izaciaston.pl\/index.php\/product\/her-show\/\" class=\"wc-block-grid__product-link\">\n\t\t\t\t\t\n\t\t\t\t\t<div class=\"wc-block-grid__product-image\"><img loading=\"lazy\" decoding=\"async\" width=\"300\" height=\"300\" src=\"https:\/\/izaciaston.pl\/wp-content\/uploads\/2025\/05\/Her_Show-300x300.jpg\" class=\"attachment-woocommerce_thumbnail size-woocommerce_thumbnail\" alt=\"Her Show\" srcset=\"https:\/\/izaciaston.pl\/wp-content\/uploads\/2025\/05\/Her_Show-300x300.jpg 300w, https:\/\/izaciaston.pl\/wp-content\/uploads\/2025\/05\/Her_Show-150x150.jpg 150w, https:\/\/izaciaston.pl\/wp-content\/uploads\/2025\/05\/Her_Show-600x600.jpg 600w, https:\/\/izaciaston.pl\/wp-content\/uploads\/2025\/05\/Her_Show-100x100.jpg 100w\" sizes=\"auto, (max-width: 300px) 100vw, 300px\" \/><\/div>\n\t\t\t\t\t<div class=\"wc-block-grid__product-title\">Her Show<\/div>\n\t\t\t\t<\/a>\n\t\t\t\t<div class=\"wc-block-grid__product-price price\"><span class=\"woocommerce-Price-amount amount\">1 600,00&nbsp;<span class=\"woocommerce-Price-currencySymbol\">&#122;&#322;<\/span><\/span><\/div>\n\t\t\t\t\n\t\t\t\t<div class=\"wp-block-button wc-block-grid__product-add-to-cart\"><a href=\"\/index.php\/wp-json\/wp\/v2\/pages\/301?add-to-cart=295\" aria-label=\"Dodaj do koszyka: &bdquo;Her Show&rdquo;\" data-quantity=\"1\" data-product_id=\"295\" data-product_sku=\"\" data-price=\"1600\" rel=\"nofollow\" class=\"wp-block-button__link  add_to_cart_button ajax_add_to_cart\">Dodaj do koszyka<\/a><\/div>\n\t\t\t<\/li><li class=\"wc-block-grid__product\">\n\t\t\t\t<a href=\"https:\/\/izaciaston.pl\/index.php\/product\/memory-of-summer\/\" class=\"wc-block-grid__product-link\">\n\t\t\t\t\t\n\t\t\t\t\t<div class=\"wc-block-grid__product-image\"><img loading=\"lazy\" decoding=\"async\" width=\"300\" height=\"300\" src=\"https:\/\/izaciaston.pl\/wp-content\/uploads\/2025\/05\/Izabela_Ciaston-Palus_Memory_of_summer_2024_acrylic_and_oil_on_canvas_40x60cm-300x300.jpg\" class=\"attachment-woocommerce_thumbnail size-woocommerce_thumbnail\" alt=\"lato, summer, obraz akrylowy, obraz na \u015bcian\u0119, haft, embroidery\" srcset=\"https:\/\/izaciaston.pl\/wp-content\/uploads\/2025\/05\/Izabela_Ciaston-Palus_Memory_of_summer_2024_acrylic_and_oil_on_canvas_40x60cm-300x300.jpg 300w, https:\/\/izaciaston.pl\/wp-content\/uploads\/2025\/05\/Izabela_Ciaston-Palus_Memory_of_summer_2024_acrylic_and_oil_on_canvas_40x60cm-150x150.jpg 150w, https:\/\/izaciaston.pl\/wp-content\/uploads\/2025\/05\/Izabela_Ciaston-Palus_Memory_of_summer_2024_acrylic_and_oil_on_canvas_40x60cm-600x600.jpg 600w, https:\/\/izaciaston.pl\/wp-content\/uploads\/2025\/05\/Izabela_Ciaston-Palus_Memory_of_summer_2024_acrylic_and_oil_on_canvas_40x60cm-100x100.jpg 100w\" sizes=\"auto, (max-width: 300px) 100vw, 300px\" \/><\/div>\n\t\t\t\t\t<div class=\"wc-block-grid__product-title\">Memory of Summer<\/div>\n\t\t\t\t<\/a>\n\t\t\t\t<div class=\"wc-block-grid__product-price price\"><span class=\"woocommerce-Price-amount amount\">2 000,00&nbsp;<span class=\"woocommerce-Price-currencySymbol\">&#122;&#322;<\/span><\/span><\/div>\n\t\t\t\t\n\t\t\t\t<div class=\"wp-block-button wc-block-grid__product-add-to-cart\"><a href=\"\/index.php\/wp-json\/wp\/v2\/pages\/301?add-to-cart=290\" aria-label=\"Dodaj do koszyka: &bdquo;Memory of Summer&rdquo;\" data-quantity=\"1\" data-product_id=\"290\" data-product_sku=\"\" data-price=\"2000\" rel=\"nofollow\" class=\"wp-block-button__link  add_to_cart_button ajax_add_to_cart\">Dodaj do koszyka<\/a><\/div>\n\t\t\t<\/li><li class=\"wc-block-grid__product\">\n\t\t\t\t<a href=\"https:\/\/izaciaston.pl\/index.php\/product\/late-afternoon\/\" class=\"wc-block-grid__product-link\">\n\t\t\t\t\t\n\t\t\t\t\t<div class=\"wc-block-grid__product-image\"><img loading=\"lazy\" decoding=\"async\" width=\"300\" height=\"300\" src=\"https:\/\/izaciaston.pl\/wp-content\/uploads\/2025\/05\/Izabela_Ciaston-Palus_Late_afternoon_2024_pencils_and_acrylics_on_paper_32x45cm-300x300.jpg\" class=\"attachment-woocommerce_thumbnail size-woocommerce_thumbnail\" alt=\"Late Afternoon, obraz olejny, oil painting, interior design, hairs, rainbow\" srcset=\"https:\/\/izaciaston.pl\/wp-content\/uploads\/2025\/05\/Izabela_Ciaston-Palus_Late_afternoon_2024_pencils_and_acrylics_on_paper_32x45cm-300x300.jpg 300w, https:\/\/izaciaston.pl\/wp-content\/uploads\/2025\/05\/Izabela_Ciaston-Palus_Late_afternoon_2024_pencils_and_acrylics_on_paper_32x45cm-150x150.jpg 150w, https:\/\/izaciaston.pl\/wp-content\/uploads\/2025\/05\/Izabela_Ciaston-Palus_Late_afternoon_2024_pencils_and_acrylics_on_paper_32x45cm-600x600.jpg 600w, https:\/\/izaciaston.pl\/wp-content\/uploads\/2025\/05\/Izabela_Ciaston-Palus_Late_afternoon_2024_pencils_and_acrylics_on_paper_32x45cm-100x100.jpg 100w\" sizes=\"auto, (max-width: 300px) 100vw, 300px\" \/><\/div>\n\t\t\t\t\t<div class=\"wc-block-grid__product-title\">Late Afternoon<\/div>\n\t\t\t\t<\/a>\n\t\t\t\t<div class=\"wc-block-grid__product-price price\"><span class=\"woocommerce-Price-amount amount\">800,00&nbsp;<span class=\"woocommerce-Price-currencySymbol\">&#122;&#322;<\/span><\/span><\/div>\n\t\t\t\t\n\t\t\t\t<div class=\"wp-block-button wc-block-grid__product-add-to-cart\"><a href=\"\/index.php\/wp-json\/wp\/v2\/pages\/301?add-to-cart=289\" aria-label=\"Dodaj do koszyka: &bdquo;Late Afternoon&rdquo;\" data-quantity=\"1\" data-product_id=\"289\" data-product_sku=\"\" data-price=\"800\" rel=\"nofollow\" class=\"wp-block-button__link  add_to_cart_button ajax_add_to_cart\">Dodaj do koszyka<\/a><\/div>\n\t\t\t<\/li><li class=\"wc-block-grid__product\">\n\t\t\t\t<a href=\"https:\/\/izaciaston.pl\/index.php\/product\/flowers\/\" class=\"wc-block-grid__product-link\">\n\t\t\t\t\t\n\t\t\t\t\t<div class=\"wc-block-grid__product-image\"><img loading=\"lazy\" decoding=\"async\" width=\"300\" height=\"300\" src=\"https:\/\/izaciaston.pl\/wp-content\/uploads\/2025\/05\/Izabela_Ciaston-Palus_Flowers_2024_pencil_and_oils_and_acrylics_on_paper_32x45cm-300x300.jpg\" class=\"attachment-woocommerce_thumbnail size-woocommerce_thumbnail\" alt=\"flowers, chusta, embroidery, haft kwiatowy, \u015bl\u0105sk, folklor, obraz olejny na \u015bcian\u0119\" srcset=\"https:\/\/izaciaston.pl\/wp-content\/uploads\/2025\/05\/Izabela_Ciaston-Palus_Flowers_2024_pencil_and_oils_and_acrylics_on_paper_32x45cm-300x300.jpg 300w, https:\/\/izaciaston.pl\/wp-content\/uploads\/2025\/05\/Izabela_Ciaston-Palus_Flowers_2024_pencil_and_oils_and_acrylics_on_paper_32x45cm-150x150.jpg 150w, https:\/\/izaciaston.pl\/wp-content\/uploads\/2025\/05\/Izabela_Ciaston-Palus_Flowers_2024_pencil_and_oils_and_acrylics_on_paper_32x45cm-600x600.jpg 600w, https:\/\/izaciaston.pl\/wp-content\/uploads\/2025\/05\/Izabela_Ciaston-Palus_Flowers_2024_pencil_and_oils_and_acrylics_on_paper_32x45cm-100x100.jpg 100w\" sizes=\"auto, (max-width: 300px) 100vw, 300px\" \/><\/div>\n\t\t\t\t\t<div class=\"wc-block-grid__product-title\">Flowers<\/div>\n\t\t\t\t<\/a>\n\t\t\t\t<div class=\"wc-block-grid__product-price price\"><span class=\"woocommerce-Price-amount amount\">800,00&nbsp;<span class=\"woocommerce-Price-currencySymbol\">&#122;&#322;<\/span><\/span><\/div>\n\t\t\t\t\n\t\t\t\t<div class=\"wp-block-button wc-block-grid__product-add-to-cart\"><a href=\"\/index.php\/wp-json\/wp\/v2\/pages\/301?add-to-cart=288\" aria-label=\"Dodaj do koszyka: &bdquo;Flowers&rdquo;\" data-quantity=\"1\" data-product_id=\"288\" data-product_sku=\"\" data-price=\"800\" rel=\"nofollow\" class=\"wp-block-button__link  add_to_cart_button ajax_add_to_cart\">Dodaj do koszyka<\/a><\/div>\n\t\t\t<\/li><\/ul><\/div><\/div>\n<\/div>\n","protected":false},"excerpt":{"rendered":"Zobacz inne r\u00f3wnie interesuj\u0105ce\u2026 Tw\u00f3j koszyk jest obecnie pusty! Nowe w sklepie","protected":false},"author":1,"featured_media":0,"parent":0,"menu_order":0,"comment_status":"closed","ping_status":"closed","template":"","meta":{"footnotes":""},"class_list":["post-301","page","type-page","status-publish","hentry"],"_links":{"self":[{"href":"https:\/\/izaciaston.pl\/index.php\/wp-json\/wp\/v2\/pages\/301","targetHints":{"allow":["GET"]}}],"collection":[{"href":"https:\/\/izaciaston.pl\/index.php\/wp-json\/wp\/v2\/pages"}],"about":[{"href":"https:\/\/izaciaston.pl\/index.php\/wp-json\/wp\/v2\/types\/page"}],"author":[{"embeddable":true,"href":"https:\/\/izaciaston.pl\/index.php\/wp-json\/wp\/v2\/users\/1"}],"replies":[{"embeddable":true,"href":"https:\/\/izaciaston.pl\/index.php\/wp-json\/wp\/v2\/comments?post=301"}],"version-history":[{"count":1,"href":"https:\/\/izaciaston.pl\/index.php\/wp-json\/wp\/v2\/pages\/301\/revisions"}],"predecessor-version":[{"id":315,"href":"https:\/\/izaciaston.pl\/index.php\/wp-json\/wp\/v2\/pages\/301\/revisions\/315"}],"wp:attachment":[{"href":"https:\/\/izaciaston.pl\/index.php\/wp-json\/wp\/v2\/media?parent=301"}],"curies":[{"name":"wp","href":"https:\/\/api.w.org\/{rel}","templated":true}]}}