{"id":288,"date":"2025-06-25T13:44:47","date_gmt":"2025-06-25T11:44:47","guid":{"rendered":"https:\/\/izaciaston.pl\/?post_type=product&#038;p=288"},"modified":"2025-06-25T14:08:53","modified_gmt":"2025-06-25T12:08:53","slug":"flowers","status":"publish","type":"product","link":"https:\/\/izaciaston.pl\/index.php\/product\/flowers\/","title":{"rendered":"Flowers"},"content":{"rendered":"<p>Delikatny obraz na papierze. Je\u015bli chcesz poczu\u0107 lato w swoim wn\u0119trzu, zapach kwiat\u00f3w, delikatny powiew letniego wiatru&#8230; To ten obraz jest w\u0142a\u015bnie dla Ciebie. Przynosi spok\u00f3j, ukojenie i pi\u0119knie wpisuje si\u0119 w ka\u017cd\u0105 przestrze\u0144. Powsta\u0142 ze wspomnie\u0144 o sianokosach, o kwiatach, kt\u00f3re ros\u0142y w jeszcze nieskoszonej trawie, o zapachu i upa\u0142ach. Twoje wn\u0119trze te\u017c to poczuje.<\/p>\n<p>Year: 2024<br \/>\nDimension: 32 x 45 cm<br \/>\nMaterials: oils &amp; acrylic &amp; pencil on paper<\/p>\n","protected":false},"excerpt":{"rendered":"<p>Delikatny obraz na papierze. Je\u015bli chcesz poczu\u0107 lato w swoim wn\u0119trzu, zapach kwiat\u00f3w, delikatny powiew letniego wiatru&#8230; To ten obraz jest w\u0142a\u015bnie dla Ciebie. Przynosi spok\u00f3j, ukojenie i pi\u0119knie wpisuje si\u0119 w ka\u017cd\u0105 przestrze\u0144. Powsta\u0142 ze wspomnie\u0144 o sianokosach, o kwiatach, kt\u00f3re ros\u0142y w jeszcze [&hellip;]<\/p>\n","protected":false},"featured_media":76,"comment_status":"open","ping_status":"closed","template":"","meta":[],"product_brand":[],"product_cat":[20],"product_tag":[],"class_list":{"0":"post-288","1":"product","2":"type-product","3":"status-publish","4":"has-post-thumbnail","6":"product_cat-obrazy","8":"first","9":"instock","10":"shipping-taxable","11":"purchasable","12":"product-type-simple"},"_links":{"self":[{"href":"https:\/\/izaciaston.pl\/index.php\/wp-json\/wp\/v2\/product\/288","targetHints":{"allow":["GET"]}}],"collection":[{"href":"https:\/\/izaciaston.pl\/index.php\/wp-json\/wp\/v2\/product"}],"about":[{"href":"https:\/\/izaciaston.pl\/index.php\/wp-json\/wp\/v2\/types\/product"}],"replies":[{"embeddable":true,"href":"https:\/\/izaciaston.pl\/index.php\/wp-json\/wp\/v2\/comments?post=288"}],"wp:featuredmedia":[{"embeddable":true,"href":"https:\/\/izaciaston.pl\/index.php\/wp-json\/wp\/v2\/media\/76"}],"wp:attachment":[{"href":"https:\/\/izaciaston.pl\/index.php\/wp-json\/wp\/v2\/media?parent=288"}],"wp:term":[{"taxonomy":"product_brand","embeddable":true,"href":"https:\/\/izaciaston.pl\/index.php\/wp-json\/wp\/v2\/product_brand?post=288"},{"taxonomy":"product_cat","embeddable":true,"href":"https:\/\/izaciaston.pl\/index.php\/wp-json\/wp\/v2\/product_cat?post=288"},{"taxonomy":"product_tag","embeddable":true,"href":"https:\/\/izaciaston.pl\/index.php\/wp-json\/wp\/v2\/product_tag?post=288"}],"curies":[{"name":"wp","href":"https:\/\/api.w.org\/{rel}","templated":true}]}}