{"id":289,"date":"2025-06-25T13:54:14","date_gmt":"2025-06-25T11:54:14","guid":{"rendered":"https:\/\/izaciaston.pl\/?post_type=product&#038;p=289"},"modified":"2025-06-25T14:08:36","modified_gmt":"2025-06-25T12:08:36","slug":"late-afternoon","status":"publish","type":"product","link":"https:\/\/izaciaston.pl\/index.php\/product\/late-afternoon\/","title":{"rendered":"Late Afternoon"},"content":{"rendered":"<p>Obraz jest spokojny, melancholijny, przywodzi na my\u015bl ciep\u0142e, leniwe jesienne popo\u0142udnie, kt\u00f3re mo\u017cemy sp\u0119dzi\u0107 na spacerze, b\u0105d\u017a przy odpr\u0119\u017caj\u0105cej kawie. Miesza si\u0119 tu charakterystyczny dla jesieni zapach suchych li\u015bci i mokrej ziemi.<\/p>\n<p>&nbsp;<\/p>\n<p>Year: 2024<br \/>\nDimension: 32 x 45 cm<br \/>\nMaterials: acrylic &amp; pencil on paper<\/p>\n","protected":false},"excerpt":{"rendered":"<p>Obraz jest spokojny, melancholijny, przywodzi na my\u015bl ciep\u0142e, leniwe jesienne popo\u0142udnie, kt\u00f3re mo\u017cemy sp\u0119dzi\u0107 na spacerze, b\u0105d\u017a przy odpr\u0119\u017caj\u0105cej kawie. Miesza si\u0119 tu charakterystyczny dla jesieni zapach suchych li\u015bci i mokrej ziemi. &nbsp; Year: 2024 Dimension: 32 x 45 cm Materials: acrylic &amp; pencil on [&hellip;]<\/p>\n","protected":false},"featured_media":82,"comment_status":"open","ping_status":"closed","template":"","meta":[],"product_brand":[],"product_cat":[20],"product_tag":[],"class_list":{"0":"post-289","1":"product","2":"type-product","3":"status-publish","4":"has-post-thumbnail","6":"product_cat-obrazy","8":"first","9":"instock","10":"shipping-taxable","11":"purchasable","12":"product-type-simple"},"_links":{"self":[{"href":"https:\/\/izaciaston.pl\/index.php\/wp-json\/wp\/v2\/product\/289","targetHints":{"allow":["GET"]}}],"collection":[{"href":"https:\/\/izaciaston.pl\/index.php\/wp-json\/wp\/v2\/product"}],"about":[{"href":"https:\/\/izaciaston.pl\/index.php\/wp-json\/wp\/v2\/types\/product"}],"replies":[{"embeddable":true,"href":"https:\/\/izaciaston.pl\/index.php\/wp-json\/wp\/v2\/comments?post=289"}],"wp:featuredmedia":[{"embeddable":true,"href":"https:\/\/izaciaston.pl\/index.php\/wp-json\/wp\/v2\/media\/82"}],"wp:attachment":[{"href":"https:\/\/izaciaston.pl\/index.php\/wp-json\/wp\/v2\/media?parent=289"}],"wp:term":[{"taxonomy":"product_brand","embeddable":true,"href":"https:\/\/izaciaston.pl\/index.php\/wp-json\/wp\/v2\/product_brand?post=289"},{"taxonomy":"product_cat","embeddable":true,"href":"https:\/\/izaciaston.pl\/index.php\/wp-json\/wp\/v2\/product_cat?post=289"},{"taxonomy":"product_tag","embeddable":true,"href":"https:\/\/izaciaston.pl\/index.php\/wp-json\/wp\/v2\/product_tag?post=289"}],"curies":[{"name":"wp","href":"https:\/\/api.w.org\/{rel}","templated":true}]}}