{"id":290,"date":"2025-06-25T13:55:50","date_gmt":"2025-06-25T11:55:50","guid":{"rendered":"https:\/\/izaciaston.pl\/?post_type=product&#038;p=290"},"modified":"2025-06-25T14:08:01","modified_gmt":"2025-06-25T12:08:01","slug":"memory-of-summer","status":"publish","type":"product","link":"https:\/\/izaciaston.pl\/index.php\/product\/memory-of-summer\/","title":{"rendered":"Memory of Summer"},"content":{"rendered":"<p>\u201eWspomnienie lata\u201d jest moim odniesieniem do czas\u00f3w dzieci\u0144stwa. M\u00f3wi\u0105c szczerze bardzo d\u0142ugo szuka\u0142am swojej muzy, tematu, kt\u00f3ry poniesie mnie bez zapami\u0119tania. Ju\u017c tak naprawd\u0119 prawie da\u0142am za wygran\u0105\u2026<\/p>\n<p>Ale jak to w \u017cyciu bywa, nie dostrzega\u0142am tego, co mam przed oczyma. Moj\u0105 spu\u015bcizn\u0119, kt\u00f3ra otrzyma\u0142am po babci i mamie. To w\u0142a\u015bnie tutaj na powr\u00f3t odnalaz\u0142am siebie<\/p>\n<p>Jestem wdzi\u0119czna mojej babci, \u017ce nauczy\u0142a mnie za dziecka haftowa\u0107 i szyde\u0142kowa\u0107. Do tej pory pami\u0119tam, jak siedzia\u0142y\u015bmy g\u0142owa w g\u0142ow\u0119 i babcia wyja\u015bnia\u0142a mi wszystkie oznaczenia s\u0142upk\u00f3w i oczek\u2026<\/p>\n<p>Jej ju\u017c ze mn\u0105 nie ma, ale zakorzeni\u0142a we mnie t\u0105 mi\u0142o\u015b\u0107 do miejsca, z kt\u00f3rego pochodz\u0119 i chc\u0119 to teraz odzwierciedla\u0107 w moich dzie\u0142ach.<\/p>\n<p>&nbsp;<\/p>\n<p>Year: 2024<br \/>\nDimension: 40 x 60 cm<br \/>\nMaterials: oils &amp; acrylic on canvas<\/p>\n","protected":false},"excerpt":{"rendered":"<p>\u201eWspomnienie lata\u201d jest moim odniesieniem do czas\u00f3w dzieci\u0144stwa. M\u00f3wi\u0105c szczerze bardzo d\u0142ugo szuka\u0142am swojej muzy, tematu, kt\u00f3ry poniesie mnie bez zapami\u0119tania. Ju\u017c tak naprawd\u0119 prawie da\u0142am za wygran\u0105\u2026 Ale jak to w \u017cyciu bywa, nie dostrzega\u0142am tego, co mam przed oczyma. Moj\u0105 spu\u015bcizn\u0119, kt\u00f3ra otrzyma\u0142am [&hellip;]<\/p>\n","protected":false},"featured_media":86,"comment_status":"open","ping_status":"closed","template":"","meta":[],"product_brand":[],"product_cat":[20],"product_tag":[],"class_list":{"0":"post-290","1":"product","2":"type-product","3":"status-publish","4":"has-post-thumbnail","6":"product_cat-obrazy","8":"first","9":"instock","10":"shipping-taxable","11":"purchasable","12":"product-type-simple"},"_links":{"self":[{"href":"https:\/\/izaciaston.pl\/index.php\/wp-json\/wp\/v2\/product\/290","targetHints":{"allow":["GET"]}}],"collection":[{"href":"https:\/\/izaciaston.pl\/index.php\/wp-json\/wp\/v2\/product"}],"about":[{"href":"https:\/\/izaciaston.pl\/index.php\/wp-json\/wp\/v2\/types\/product"}],"replies":[{"embeddable":true,"href":"https:\/\/izaciaston.pl\/index.php\/wp-json\/wp\/v2\/comments?post=290"}],"wp:featuredmedia":[{"embeddable":true,"href":"https:\/\/izaciaston.pl\/index.php\/wp-json\/wp\/v2\/media\/86"}],"wp:attachment":[{"href":"https:\/\/izaciaston.pl\/index.php\/wp-json\/wp\/v2\/media?parent=290"}],"wp:term":[{"taxonomy":"product_brand","embeddable":true,"href":"https:\/\/izaciaston.pl\/index.php\/wp-json\/wp\/v2\/product_brand?post=290"},{"taxonomy":"product_cat","embeddable":true,"href":"https:\/\/izaciaston.pl\/index.php\/wp-json\/wp\/v2\/product_cat?post=290"},{"taxonomy":"product_tag","embeddable":true,"href":"https:\/\/izaciaston.pl\/index.php\/wp-json\/wp\/v2\/product_tag?post=290"}],"curies":[{"name":"wp","href":"https:\/\/api.w.org\/{rel}","templated":true}]}}